{"id":107,"date":"2015-08-06T15:43:45","date_gmt":"2015-08-06T13:43:45","guid":{"rendered":"http:\/\/osmutaa.splet.arnes.si\/?page_id=107"},"modified":"2022-09-02T11:43:38","modified_gmt":"2022-09-02T09:43:38","slug":"koticek-za-dislektike","status":"publish","type":"page","link":"https:\/\/www.osmuta.si\/?page_id=107","title":{"rendered":"Koti\u010dek za dislektike"},"content":{"rendered":"<div>\n<p><span style=\"color: #000000\">KAJ JE DISLEKSIJA?<\/span><\/p>\n<\/div>\n<p><span style=\"color: #000000\"><strong>Disleksija je motnja branja in pisanja<\/strong><strong>,<\/strong>ki se najpogosteje odra\u017ea v branju, pisanju, organizaciji, u\u010denju zaporedja, orientaciji, grafomotoriki \u2026<\/span><\/p>\n<p><span style=\"color: #000000\">Osebe z disleksijo druga\u010de re\u0161ujejo probleme kot ostali, saj razmi\u0161ljajo z desno polovico mo\u017eganov. Velike probleme imajo tudi s splo\u0161nim razmi\u0161ljanjem, saj druga\u010de razmi\u0161ljajo in se zadev lotijo nekoliko druga\u010de. Strokovnjaki ugotavljajo, da je primerov oseb z motnjami branja in pisanja vedno ve\u010d, saj se je odstotek v zadnjih letih zvi\u0161al kar za 5% \u0336 10%.<\/span><\/p>\n<p><span style=\"color: #000000\">Tudi na na\u0161i \u0161oli se trudimo, da pomagamo tem u\u010dencem s prilagojenim izvajanjem, nekateri u\u010denci pa obiskujejo tudi dodatno strokovno pomo\u010d. V ta namen smo v KNJI\u017dNICI uredili koti\u010dek, ki je namenjen otrokom z motnjami branja in pisanja. Poleg tega se pri knji\u017eni\u010darki nahaja celoten seznam primeren za dislektike. Pri izbiri gradiva smo sledili priporo\u010dilom za la\u017eje berljivo gradivo.<\/span><\/p>\n<p><img loading=\"lazy\" decoding=\"async\" class=\" size-medium wp-image-205 aligncenter\" src=\"http:\/\/osmutaa.splet.arnes.si\/files\/2015\/08\/koticek_disleksija-300x200.jpg\" alt=\"koticek_disleksija\" width=\"300\" height=\"200\" srcset=\"https:\/\/www.osmuta.si\/files\/2015\/08\/koticek_disleksija-300x200.jpg 300w, https:\/\/www.osmuta.si\/files\/2015\/08\/koticek_disleksija-1024x683.jpg 1024w, https:\/\/www.osmuta.si\/files\/2015\/08\/koticek_disleksija-83x55.jpg 83w, https:\/\/www.osmuta.si\/files\/2015\/08\/koticek_disleksija-470x313.jpg 470w\" sizes=\"(max-width: 300px) 100vw, 300px\" \/><\/p>\n<p>&nbsp;<\/p>\n<div class=\"art-postcontent clearfix\">\n<div class=\"art-article\">\n<p><span style=\"color: #000000\">Pri tem smo bili pozorni na:<\/span><\/p>\n<\/div>\n<ul>\n<li><span style=\"color: #000000\">dober kontrast med ozadjem in \u010drkami<\/span><\/li>\n<li><span style=\"color: #000000\">velikost \u010drk (14 \u2013 18)<\/span><\/li>\n<li><span style=\"color: #000000\">najustreznej\u0161o obliko tiska (Arial, Comic sans, Verdana, Tahoma)<\/span><\/li>\n<li><span style=\"color: #000000\">razmik med vrsticami 1,5 do 2<\/span><\/li>\n<li><span style=\"color: #000000\">vrsto tiska \u2013 male tiskane \u010drke, mat povr\u0161ina papirja<\/span><\/li>\n<li><span style=\"color: #000000\">nesvetle\u010da povr\u0161ina papirja<\/span><\/li>\n<li><span style=\"color: #000000\">poravnava vrstic je na levem robu<\/span><\/li>\n<li><span style=\"color: #000000\">tekst je jasno lo\u010den od ilustracije<\/span><\/li>\n<li><span style=\"color: #000000\">uporabo okvir\u010dkov za poudarjanje pomembnega besedila<\/span><\/li>\n<li><span style=\"color: #000000\">jedrnate vsebine<\/span><\/li>\n<li><span style=\"color: #000000\">jasna navodila<\/span><\/li>\n<\/ul>\n<div>\n<p><span style=\"color: #000000\">POMEMBNO!<\/span><\/p>\n<p><span style=\"color: #000000\">Pogosto se dogaja, da star\u0161i in u\u010ditelji ne prepoznajo, da ima otrok disleksijo, in mu velikokrat pripi\u0161ejo, da se ne trudi dovolj, da je len, \u010deprav doma zelo veliko vadi in se u\u010di.<\/span><\/p>\n<\/div>\n<p><span style=\"color: #000000\">Povezave:<\/span><\/p>\n<p><span style=\"text-decoration: underline\"><span style=\"color: #0000ff;text-decoration: underline\"><a style=\"color: #0000ff;text-decoration: underline\" href=\"http:\/\/www.drustvo-bravo.si\/\" target=\"_blank\" rel=\"noopener\">Dru\u0161tvo Bravo<\/a><\/span><\/span><\/p>\n<p><span style=\"text-decoration: underline\"><span style=\"color: #0000ff;text-decoration: underline\"><a style=\"color: #0000ff;text-decoration: underline\" href=\"http:\/\/www.disleksija.si\" target=\"_blank\" rel=\"noopener\">http:\/\/www.disleksija.si<\/a><\/span><\/span><\/p>\n<p><span style=\"text-decoration: underline\"><span style=\"color: #0000ff;text-decoration: underline\"><a style=\"color: #0000ff;text-decoration: underline\" href=\"http:\/\/disleksija.wordpress.com\" target=\"_blank\" rel=\"noopener\">disleksija.wordpress.com<\/a><\/span><\/span><\/p>\n<p><span style=\"color: #000000\">Zapisala: specialna pedagoginja Marijana Senica<\/span><\/p>\n<\/div>\n","protected":false},"excerpt":{"rendered":"<p>KAJ JE DISLEKSIJA? Disleksija je motnja branja in pisanja,ki se najpogosteje odra\u017ea v branju, pisanju, organizaciji, u\u010denju zaporedja, orientaciji, grafomotoriki \u2026 Osebe z disleksijo druga\u010de re\u0161ujejo probleme kot ostali, saj razmi\u0161ljajo z desno polovico mo\u017eganov. Velike probleme imajo tudi s splo\u0161nim razmi\u0161ljanjem, saj druga\u010de razmi\u0161ljajo in se zadev lotijo nekoliko druga\u010de. Strokovnjaki ugotavljajo, da je [&hellip;]<\/p>\n","protected":false},"author":5469,"featured_media":0,"parent":272,"menu_order":0,"comment_status":"closed","ping_status":"closed","template":"","meta":{"_et_pb_use_builder":"","_et_pb_old_content":"","_et_gb_content_width":"","ngg_post_thumbnail":0,"footnotes":""},"class_list":["post-107","page","type-page","status-publish","hentry"],"_links":{"self":[{"href":"https:\/\/www.osmuta.si\/index.php?rest_route=\/wp\/v2\/pages\/107","targetHints":{"allow":["GET"]}}],"collection":[{"href":"https:\/\/www.osmuta.si\/index.php?rest_route=\/wp\/v2\/pages"}],"about":[{"href":"https:\/\/www.osmuta.si\/index.php?rest_route=\/wp\/v2\/types\/page"}],"author":[{"embeddable":true,"href":"https:\/\/www.osmuta.si\/index.php?rest_route=\/wp\/v2\/users\/5469"}],"replies":[{"embeddable":true,"href":"https:\/\/www.osmuta.si\/index.php?rest_route=%2Fwp%2Fv2%2Fcomments&post=107"}],"version-history":[{"count":8,"href":"https:\/\/www.osmuta.si\/index.php?rest_route=\/wp\/v2\/pages\/107\/revisions"}],"predecessor-version":[{"id":13316,"href":"https:\/\/www.osmuta.si\/index.php?rest_route=\/wp\/v2\/pages\/107\/revisions\/13316"}],"up":[{"embeddable":true,"href":"https:\/\/www.osmuta.si\/index.php?rest_route=\/wp\/v2\/pages\/272"}],"wp:attachment":[{"href":"https:\/\/www.osmuta.si\/index.php?rest_route=%2Fwp%2Fv2%2Fmedia&parent=107"}],"curies":[{"name":"wp","href":"https:\/\/api.w.org\/{rel}","templated":true}]}}