{"id":12024,"date":"2022-02-25T07:47:08","date_gmt":"2022-02-25T06:47:08","guid":{"rendered":"https:\/\/osmutaa.splet.arnes.si\/?page_id=12024"},"modified":"2022-02-25T08:50:03","modified_gmt":"2022-02-25T07:50:03","slug":"ucni-cebelnjak-na-muti","status":"publish","type":"page","link":"https:\/\/www.osmuta.si\/?page_id=12024","title":{"rendered":"U\u010dni \u010debelnjak na Muti"},"content":{"rendered":"<p style=\"text-align: center\"><a href=\"https:\/\/www.osmuta.si\/files\/2022\/02\/Slika1.jpg\"><img loading=\"lazy\" decoding=\"async\" class=\"alignnone size-full wp-image-12025\" src=\"https:\/\/www.osmuta.si\/files\/2022\/02\/Slika1.jpg\" alt=\"\" width=\"574\" height=\"65\" srcset=\"https:\/\/www.osmuta.si\/files\/2022\/02\/Slika1.jpg 574w, https:\/\/www.osmuta.si\/files\/2022\/02\/Slika1-480x54.jpg 480w\" sizes=\"(min-width: 0px) and (max-width: 480px) 480px, (min-width: 481px) 574px, 100vw\" \/><\/a><\/p>\n<p><span style=\"color: #000000\">Dru\u0161tvo za trajnostni razvoj Muta je na 5. Javni poziv EKSRP za izbor operacij, za uresni\u010devanje ciljev Strategije lokalnega razvoja na obmo\u010dju lokalne akcijske skupine Mislinjske in Dravske doline LAS MDD (2014-2020) prijavila projekt \u00bbU\u010dni \u010debelnjak na Muti\u00ab. Po potrditvi projektnega predloga na ravni LAS MDD, katerega vodilni partner je Mestna ob\u010dina Slovenj Gradec, je bil le ta poslan v dokon\u010dno odobritev na Agencijo RS za kmetijske trge in razvoj pode\u017eelja, s strani katere je bila 12. julija 2021 izdana Odlo\u010dba o pravici do sredstev, ki potrjuje sofinanciranje projekta v vi\u0161ini\u00a0<strong>3.143,80 \u20ac<\/strong>. Nepovratna sofinancirana sredstva so bila zagotovljena iz Evropskega kmetijskega sklada za razvoj pode\u017eelja. Organ upravljanja, pristojen za izvajanje pomo\u010di iz EKSRP je Ministrstvo za kmetijstvo, gozdarstvo in prehrano (MKGP).<\/span><\/p>\n<p><span style=\"color: #000000\"><strong>Povzetek projekta:<\/strong><\/span><\/p>\n<table style=\"border-color: #000000;width: 604px\" width=\"604\">\n<tbody>\n<tr>\n<td style=\"background-color: #e8d96b;width: 604px\" width=\"604\"><span style=\"color: #000000\"><strong>Naziv projekta:<\/strong><\/span><\/td>\n<\/tr>\n<tr>\n<td width=\"604\"><span style=\"color: #000000\"><strong>\u00bbU\u010cNI \u010cEBELNJAK NA MUTI\u00ab<\/strong><\/span><\/td>\n<\/tr>\n<\/tbody>\n<\/table>\n<p>&nbsp;<\/p>\n<table width=\"604\">\n<tbody>\n<tr>\n<td style=\"background-color: #e8d96b;width: 604px\" width=\"604\"><span style=\"color: #000000\"><strong>Nosilec projekta:<\/strong><\/span><\/td>\n<\/tr>\n<tr>\n<td width=\"604\"><span style=\"color: #000000\"><strong>Dru\u0161tvo za trajnostni razvoj Muta<\/strong><\/span><\/td>\n<\/tr>\n<\/tbody>\n<\/table>\n<p>&nbsp;<\/p>\n<table width=\"604\">\n<tbody>\n<tr>\n<td style=\"background-color: #e8d96b;width: 604px\" width=\"604\"><span style=\"color: #000000\"><strong>Projektni partnerji:<\/strong><\/span><\/td>\n<\/tr>\n<tr>\n<td width=\"604\"><span style=\"color: #000000\">Rotaract klub Slovenj Gradec<\/span><\/td>\n<\/tr>\n<tr>\n<td width=\"604\"><span style=\"color: #000000\">\u010cebelarsko dru\u0161tvo Vuzenica \u2013 Muta<\/span><\/td>\n<\/tr>\n<tr>\n<td width=\"604\"><span style=\"color: #000000\">Osnovna \u0161ola Muta<\/span><\/td>\n<\/tr>\n<\/tbody>\n<\/table>\n<p>&nbsp;<\/p>\n<table width=\"605\">\n<tbody>\n<tr>\n<td style=\"background-color: #e8d96b;width: 605px\" colspan=\"2\" width=\"605\"><span style=\"color: #000000\"><strong>Ukrep M19; Podukrep M19.2 &#8211; Podpora za izvajanje operacij v okviru strategije lokalnega razvoja, ki ga vodi skupnost<\/strong><\/span><\/td>\n<\/tr>\n<tr>\n<td width=\"141\"><span style=\"color: #000000\"><strong>Tematsko podro\u010dje:<\/strong><\/span><\/td>\n<td width=\"463\"><span style=\"color: #000000\">4 Ve\u010dja vklju\u010denost mladih, \u017eensk in drugih ranljivih skupin<\/span><\/td>\n<\/tr>\n<tr>\n<td width=\"141\"><span style=\"color: #000000\"><strong>Podukrep:<\/strong><\/span><\/td>\n<td width=\"463\"><span style=\"color: #000000\">4 B Krepitev integralnih re\u0161itev socialne in medgeneracijske vklju\u010denosti<\/span><\/td>\n<\/tr>\n<\/tbody>\n<\/table>\n<p>&nbsp;<\/p>\n<table width=\"604\">\n<tbody>\n<tr>\n<td style=\"background-color: #e8d96b;width: 604px\" width=\"604\"><span style=\"color: #000000\"><strong>Namen in aktivnosti projekta:<\/strong><\/span><\/td>\n<\/tr>\n<tr>\n<td width=\"604\">\n<p><span style=\"color: #000000\">S projektom U\u010dni \u010debelnjak Muta \u017eeli Dru\u0161tvo za trajnostni razvoj Muta, v sodelovanju z O\u0160 Muta, Rotaract klubom Slovenj Gradec in \u010debelarskim dru\u0161tvom Vuzenica &#8211; Muta, na Muti postaviti u\u010dni \u010debelnjak, ki bo u\u010dencem O\u0160 in vrtca Muta, O\u0160PP Muta in drugim ranljivim skupinam iz Mute ter sosednjih ob\u010din slu\u017eil kot izobra\u017eevalno sredstvo spoznavanja \u010debelarjenja, biologije \u010debel, narave in lokalnega okolja. S podporo lokalnega \u010cebelarskega dru\u0161tva in \u010debelarskega mentorja Dominika \u017dvikarta bodo udele\u017eenci spoznavali osnove \u010debelarstva in se aktivno vklju\u010dili v skrb za postavljen u\u010dni \u010debelnjak. Hkrati z izvedbo projekta se bo na O\u0160 Muta ustanovil \u010debelarski kro\u017eek, v okviru katerega bodo potekale prakti\u010dne delavnice. K projektu se \u017eeli povabiti tudi u\u010dence iz sosednjih ob\u010din, s \u010dimer bi projekt \u0161e bolj za\u017eivel.<\/span><\/p>\n<p><span style=\"color: #000000\">V okviru projektu se bo nabavil tudi t. i. virtualni panj, ki ga je izdelala \u010cebelarska zveza Slovenije in s katerim bodo lahko u\u010denci in otroci tudi v jesenskih ter zimskih \u010dasih spoznavali \u010debele, njihov razvoj in se na tak na\u010din pripravljali na za\u010detek \u010debelarske sezone v mesecu aprilu. \u017delja vsakega \u010debelarja je pridelava \u010dim ve\u010d medu in ostalih \u010debeljih pridelkov (cvetni prah, vosek itd.), in v vsem tem se bodo lahko preizkusili tudi u\u010denci in drugi udele\u017eenci. Poleg postavitve u\u010dnega \u010debelnjaka in naselitve panjev s \u010debeljimi dru\u017einami, bi namre\u010d kupili tudi osnovno \u010debelarsko opremo za izvajanje \u010debelarskih delavnic (za\u0161\u010ditne obleke in rokavice, osnovni \u010debelarski pribor &#8211; omelo, kadilo, to\u010dilo, posodo za shranjevanje medu itd.). Udele\u017eenci bodo tako lahko sodelovali ne samo pri rednem pregledovanju \u010debeljih dru\u017ein, ampak bodo lahko aktivno sodelovali tudi pri odkrivanju satja, to\u010denju medu, polnjenju kozarcev z medom. V primeru dobre \u010debelarske letine bi lahko otroci, ki se bodo udele\u017eevali \u010debelarskega kro\u017eka, s \u201dsvojim\u201d medom postregli svoje so\u0161olce na Tradicionalnem slovenskem zajtrku. \u0160ola bi na tak na\u010din med mladimi spodbujala in promovirala pomen samooskrbe in pridelave hrane doma, prav tako pa bi lahko bil \u010debelarski kro\u017eek tudi spodbuda za kasnej\u0161i hobi ali profesionalno ukvarjanje s \u010debelarstvom. \u010cZS vsako leto organizira tekmovanje mladih \u010debelarjev, katerega bi se lahko udele\u017eili tudi u\u010denci O\u0160 Muta.<\/span><\/p>\n<p><span style=\"color: #000000\">Eden glavnih namenov postavitve u\u010dnega \u010debelnjaka je tudi informiranje in oblikovanje pozitivnega odnosa splo\u0161ne javnosti, zlasti mladih, do kulture \u010debelarstva, tradicije in ohranjanja narave. S pripravljenimi dejavnostmi (sejmi, \u0161olske in ob\u010dinske prireditve, prakti\u010dni prikazi \u010debelarjenja, \u010debelarsko tekmovanje, skrb za \u010debele, to\u010denje medu) se bodo u\u010denci aktivno vklju\u010devali v lokalno okolje ter vzpostavljali pozitiven odnos do so\u010dloveka in ohranjanja narave. S povezovanjem z drugimi starej\u0161imi \u010debelarji, lokalnim okoljem in dru\u0161tvi bodo u\u010denci \u0161irili svojo socialno mre\u017eo, urili svoje socialne ve\u0161\u010dine ter pridobivali in nadgrajevali svoje znanje na podro\u010dju \u010debelarjenja.<\/span><\/td>\n<\/tr>\n<\/tbody>\n<\/table>\n<p>&nbsp;<\/p>\n<table style=\"height: 153px\" width=\"604\">\n<tbody>\n<tr style=\"height: 51px\">\n<td style=\"height: 51px;width: 594.8px;background-color: #e8d96b\" colspan=\"2\"><span style=\"color: #000000\"><strong>Vrednost operacije:<\/strong><\/span><\/td>\n<\/tr>\n<tr style=\"height: 51px\">\n<td style=\"height: 51px;width: 257.25px\"><span style=\"color: #000000\"><strong>Skupna vrednost projekta z DDV<\/strong><\/span><\/td>\n<td style=\"height: 51px;width: 331.95px\"><span style=\"color: #000000\"><strong>Odobrena vi\u0161ina zneska sofinanciranja EKSRP<\/strong><\/span><\/td>\n<\/tr>\n<tr style=\"height: 51px\">\n<td style=\"height: 51px;width: 257.25px\"><span style=\"color: #000000\"><strong>4.160,27 \u20ac<\/strong><\/span><\/td>\n<td style=\"height: 51px;width: 331.95px\"><span style=\"color: #000000\"><strong>3.143,80 \u20ac<\/strong><\/span><\/td>\n<\/tr>\n<\/tbody>\n<\/table>\n<p>&nbsp;<\/p>\n<table width=\"604\">\n<tbody>\n<tr>\n<td style=\"background-color: #e8d96b;width: 604px\" width=\"604\"><span style=\"color: #000000\"><strong>Na\u010din financiranja:<\/strong><\/span><\/td>\n<\/tr>\n<tr>\n<td width=\"604\"><span style=\"color: #000000\">Projekt sofinancirata Evropska unija iz Evropskega kmetijskega sklada za razvoj pode\u017eelja in Republika Slovenija v okviru Programa razvoja pode\u017eelja 2014-2020.<\/span><\/td>\n<\/tr>\n<\/tbody>\n<\/table>\n<p>&nbsp;<\/p>\n<table width=\"604\">\n<tbody>\n<tr>\n<td style=\"background-color: #e8d96b;width: 604px\" width=\"604\"><span style=\"color: #000000\"><strong>Geografska lokacija projekta:<\/strong><\/span><\/td>\n<\/tr>\n<tr>\n<td width=\"604\">\n<p><span style=\"color: #000000\">&#8211;\u00a0\u00a0\u00a0\u00a0\u00a0\u00a0\u00a0 Ob\u010dina Muta;<\/span><\/p>\n<p><span style=\"color: #000000\">&#8211;\u00a0\u00a0\u00a0\u00a0\u00a0\u00a0\u00a0 Ob\u010dina Vuzenica;<\/span><\/p>\n<p><span style=\"color: #000000\">&#8211;\u00a0\u00a0\u00a0\u00a0\u00a0\u00a0\u00a0 Ob\u010dina Radlje ob Dravi;<\/span><\/p>\n<p><span style=\"color: #000000\">&#8211;\u00a0\u00a0\u00a0\u00a0\u00a0\u00a0\u00a0 Ob\u010dina Podvelka.<\/span><\/td>\n<\/tr>\n<\/tbody>\n<\/table>\n<p>&nbsp;<\/p>\n<table width=\"604\">\n<tbody>\n<tr>\n<td style=\"background-color: #e8d96b;width: 604px\" width=\"604\"><span style=\"color: #000000\"><strong>\u010casovni okvir\u00a0izvajanja:<\/strong><\/span><\/td>\n<\/tr>\n<tr>\n<td width=\"604\">\n<p><span style=\"color: #000000\">Predviden za\u010detek: april 2021<\/span><\/p>\n<p><span style=\"color: #000000\">Predviden zaklju\u010dek: september 2022<\/span><\/td>\n<\/tr>\n<\/tbody>\n<\/table>\n<p><strong><span style=\"color: #000000\">Povezave do spletnih strani:\u00a0\u00a0\u00a0\u00a0<\/span>\u00a0\u00a0\u00a0\u00a0<\/strong><\/p>\n<p><a href=\"https:\/\/ec.europa.eu\/info\/food-farming-fisheries\/key-policies\/common-agricultural-policy\/rural-development\">https:\/\/ec.europa.eu\/info\/food-farming-fisheries\/key-policies\/common-agricultural-policy\/rural-development<\/a><\/p>\n<p><a href=\"https:\/\/www.program-podezelja.si\/sl\/\">https:\/\/www.program-podezelja.si\/sl\/<\/a><\/p>\n","protected":false},"excerpt":{"rendered":"<p>Dru\u0161tvo za trajnostni razvoj Muta je na 5. Javni poziv EKSRP za izbor operacij, za uresni\u010devanje ciljev Strategije lokalnega razvoja na obmo\u010dju lokalne akcijske skupine Mislinjske in Dravske doline LAS MDD (2014-2020) prijavila projekt \u00bbU\u010dni \u010debelnjak na Muti\u00ab. Po potrditvi projektnega predloga na ravni LAS MDD, katerega vodilni partner je Mestna ob\u010dina Slovenj Gradec, je [&hellip;]<\/p>\n","protected":false},"author":5469,"featured_media":0,"parent":279,"menu_order":0,"comment_status":"closed","ping_status":"closed","template":"","meta":{"_et_pb_use_builder":"","_et_pb_old_content":"","_et_gb_content_width":"","ngg_post_thumbnail":0,"footnotes":""},"class_list":["post-12024","page","type-page","status-publish","hentry"],"_links":{"self":[{"href":"https:\/\/www.osmuta.si\/index.php?rest_route=\/wp\/v2\/pages\/12024","targetHints":{"allow":["GET"]}}],"collection":[{"href":"https:\/\/www.osmuta.si\/index.php?rest_route=\/wp\/v2\/pages"}],"about":[{"href":"https:\/\/www.osmuta.si\/index.php?rest_route=\/wp\/v2\/types\/page"}],"author":[{"embeddable":true,"href":"https:\/\/www.osmuta.si\/index.php?rest_route=\/wp\/v2\/users\/5469"}],"replies":[{"embeddable":true,"href":"https:\/\/www.osmuta.si\/index.php?rest_route=%2Fwp%2Fv2%2Fcomments&post=12024"}],"version-history":[{"count":2,"href":"https:\/\/www.osmuta.si\/index.php?rest_route=\/wp\/v2\/pages\/12024\/revisions"}],"predecessor-version":[{"id":12031,"href":"https:\/\/www.osmuta.si\/index.php?rest_route=\/wp\/v2\/pages\/12024\/revisions\/12031"}],"up":[{"embeddable":true,"href":"https:\/\/www.osmuta.si\/index.php?rest_route=\/wp\/v2\/pages\/279"}],"wp:attachment":[{"href":"https:\/\/www.osmuta.si\/index.php?rest_route=%2Fwp%2Fv2%2Fmedia&parent=12024"}],"curies":[{"name":"wp","href":"https:\/\/api.w.org\/{rel}","templated":true}]}}