{"id":130,"date":"2015-08-06T16:14:12","date_gmt":"2015-08-06T14:14:12","guid":{"rendered":"http:\/\/osmutaa.splet.arnes.si\/?page_id=130"},"modified":"2025-02-12T10:18:11","modified_gmt":"2025-02-12T09:18:11","slug":"odjava-malice-in-kosila","status":"publish","type":"page","link":"https:\/\/www.osmuta.si\/?page_id=130","title":{"rendered":"Prijava in odjava malice in kosila"},"content":{"rendered":"<p><span style=\"color: #000000\"><strong>Obve\u0161\u010damo Vas,<br \/>\n<\/strong><\/span><\/p>\n<p><span style=\"color: #000000\">da lahko sporo\u010dite odsotnost va\u0161ega otroka in s tem odjavite malico ali kosilo, od <span style=\"color: #ff0000\"><strong>7.00 do 8.00<\/strong><\/span>, na telefonsko \u0161tevilko <strong>02 887 95 23<\/strong> in po <\/span><strong><span style=\"text-decoration: underline\"><span style=\"color: #0000ff;text-decoration: underline\"><a style=\"color: #0000ff;text-decoration: underline\" href=\"https:\/\/docs.google.com\/forms\/d\/e\/1FAIpQLScAyBSMHtDSqPIMZ8Bo-DnI37beg4NNd5rqM4-orocMZ5aksg\/viewform\" target=\"_blank\">elektronski povezavi<\/a>. <\/span><\/span><\/strong><span style=\"color: #0000ff\"><span style=\"color: #000000\">Tukaj lahko prijavite tudi kosilo za va\u0161ega otroka.<\/span><\/span><strong><span style=\"text-decoration: underline\"><span style=\"color: #0000ff;text-decoration: underline\"><br \/>\n<\/span><\/span><\/strong><\/p>\n<p><span style=\"color: #000000\">Hvala za razumevanje.<\/span><\/p>\n<p style=\"text-align: left\"><span style=\"color: #000000\">Lepo pozdravljeni.<\/span><\/p>\n<p style=\"text-align: right\"><span style=\"color: #000000\">Ravnateljica:<\/span><\/p>\n<p style=\"text-align: right\"><span style=\"color: #000000\">Anita Ambro\u017e, prof.<\/span><\/p>\n","protected":false},"excerpt":{"rendered":"<p>Obve\u0161\u010damo Vas, da lahko sporo\u010dite odsotnost va\u0161ega otroka in s tem odjavite malico ali kosilo, od 7.00 do 8.00, na telefonsko \u0161tevilko 02 887 95 23 in po elektronski povezavi. Tukaj lahko prijavite tudi kosilo za va\u0161ega otroka. Hvala za razumevanje. Lepo pozdravljeni. Ravnateljica: Anita Ambro\u017e, prof.<\/p>\n","protected":false},"author":5469,"featured_media":0,"parent":275,"menu_order":0,"comment_status":"closed","ping_status":"closed","template":"","meta":{"_et_pb_use_builder":"","_et_pb_old_content":"","_et_gb_content_width":"","ngg_post_thumbnail":0,"footnotes":""},"class_list":["post-130","page","type-page","status-publish","hentry"],"_links":{"self":[{"href":"https:\/\/www.osmuta.si\/index.php?rest_route=\/wp\/v2\/pages\/130","targetHints":{"allow":["GET"]}}],"collection":[{"href":"https:\/\/www.osmuta.si\/index.php?rest_route=\/wp\/v2\/pages"}],"about":[{"href":"https:\/\/www.osmuta.si\/index.php?rest_route=\/wp\/v2\/types\/page"}],"author":[{"embeddable":true,"href":"https:\/\/www.osmuta.si\/index.php?rest_route=\/wp\/v2\/users\/5469"}],"replies":[{"embeddable":true,"href":"https:\/\/www.osmuta.si\/index.php?rest_route=%2Fwp%2Fv2%2Fcomments&post=130"}],"version-history":[{"count":13,"href":"https:\/\/www.osmuta.si\/index.php?rest_route=\/wp\/v2\/pages\/130\/revisions"}],"predecessor-version":[{"id":18277,"href":"https:\/\/www.osmuta.si\/index.php?rest_route=\/wp\/v2\/pages\/130\/revisions\/18277"}],"up":[{"embeddable":true,"href":"https:\/\/www.osmuta.si\/index.php?rest_route=\/wp\/v2\/pages\/275"}],"wp:attachment":[{"href":"https:\/\/www.osmuta.si\/index.php?rest_route=%2Fwp%2Fv2%2Fmedia&parent=130"}],"curies":[{"name":"wp","href":"https:\/\/api.w.org\/{rel}","templated":true}]}}