{"id":1480,"date":"2016-10-23T14:22:34","date_gmt":"2016-10-23T12:22:34","guid":{"rendered":"http:\/\/osmutaa.splet.arnes.si\/?page_id=1480"},"modified":"2017-03-10T19:12:49","modified_gmt":"2017-03-10T18:12:49","slug":"oddaje-sola-da-se-ti-zrola-iv-sezona","status":"publish","type":"page","link":"https:\/\/www.osmuta.si\/?page_id=1480","title":{"rendered":"Oddaje \u0161ola, da se ti zrola (IV. sezona)"},"content":{"rendered":"<p><span style=\"text-decoration: underline;color: #0000ff\"><a style=\"color: #0000ff;text-decoration: underline\" href=\"https:\/\/www.youtube.com\/watch?v=RcqcKhlwkpU\" target=\"_blank\">Oddaja \u0161ola, da se ti zrola 1. del<\/a><\/span><\/p>\n<p><iframe loading=\"lazy\" width=\"1080\" height=\"608\" src=\"https:\/\/www.youtube.com\/embed\/RcqcKhlwkpU?feature=oembed\" frameborder=\"0\" allowfullscreen><\/iframe><\/p>\n<p><span style=\"text-decoration: underline;color: #0000ff\"><a style=\"color: #0000ff;text-decoration: underline\" href=\"https:\/\/www.youtube.com\/watch?v=rfSzXt5c07U\" target=\"_blank\">Oddaja \u0161ola, da se ti zrola 2. del (O\u0160PP)<\/a><\/span><\/p>\n<p><iframe loading=\"lazy\" width=\"1080\" height=\"608\" src=\"https:\/\/www.youtube.com\/embed\/rfSzXt5c07U?feature=oembed\" frameborder=\"0\" allowfullscreen><\/iframe><\/p>\n","protected":false},"excerpt":{"rendered":"<p>Oddaja \u0161ola, da se ti zrola 1. del Oddaja \u0161ola, da se ti zrola 2. del (O\u0160PP)<\/p>\n","protected":false},"author":5469,"featured_media":0,"parent":1859,"menu_order":0,"comment_status":"closed","ping_status":"closed","template":"","meta":{"_et_pb_use_builder":"","_et_pb_old_content":"","_et_gb_content_width":"","ngg_post_thumbnail":0,"footnotes":""},"class_list":["post-1480","page","type-page","status-publish","hentry"],"_links":{"self":[{"href":"https:\/\/www.osmuta.si\/index.php?rest_route=\/wp\/v2\/pages\/1480","targetHints":{"allow":["GET"]}}],"collection":[{"href":"https:\/\/www.osmuta.si\/index.php?rest_route=\/wp\/v2\/pages"}],"about":[{"href":"https:\/\/www.osmuta.si\/index.php?rest_route=\/wp\/v2\/types\/page"}],"author":[{"embeddable":true,"href":"https:\/\/www.osmuta.si\/index.php?rest_route=\/wp\/v2\/users\/5469"}],"replies":[{"embeddable":true,"href":"https:\/\/www.osmuta.si\/index.php?rest_route=%2Fwp%2Fv2%2Fcomments&post=1480"}],"version-history":[{"count":2,"href":"https:\/\/www.osmuta.si\/index.php?rest_route=\/wp\/v2\/pages\/1480\/revisions"}],"predecessor-version":[{"id":1730,"href":"https:\/\/www.osmuta.si\/index.php?rest_route=\/wp\/v2\/pages\/1480\/revisions\/1730"}],"up":[{"embeddable":true,"href":"https:\/\/www.osmuta.si\/index.php?rest_route=\/wp\/v2\/pages\/1859"}],"wp:attachment":[{"href":"https:\/\/www.osmuta.si\/index.php?rest_route=%2Fwp%2Fv2%2Fmedia&parent=1480"}],"curies":[{"name":"wp","href":"https:\/\/api.w.org\/{rel}","templated":true}]}}