{"id":1605,"date":"2016-12-12T09:18:45","date_gmt":"2016-12-12T08:18:45","guid":{"rendered":"http:\/\/osmutaa.splet.arnes.si\/?page_id=1605"},"modified":"2016-12-12T09:35:22","modified_gmt":"2016-12-12T08:35:22","slug":"zapisana-besedila","status":"publish","type":"page","link":"https:\/\/www.osmuta.si\/?page_id=1605","title":{"rendered":"Zapisana besedila"},"content":{"rendered":"<ul>\n<li><span style=\"text-decoration: underline\"><strong><a href=\"http:\/\/osmutaa.splet.arnes.si\/files\/2016\/12\/Dr\u017eavni-tehni\u010dni-trgovski-zavod-s-slovenskim-u\u010dnim-jezikom-Ivana-Cankarja-iz-Gorice.pdf\" target=\"_blank\">Dr\u017eavni tehni\u010dni trgovski zavod s slovenskim u\u010dnim jezikom Ivana Cankarja iz Gorice<\/a><\/strong><\/span><\/li>\n<li><strong><span style=\"text-decoration: underline\"><a href=\"http:\/\/osmutaa.splet.arnes.si\/files\/2016\/12\/Ve\u010dstopenjska-\u0161ola-Doberdob.pdf\" target=\"_blank\">Ve\u010dstopenjska \u0161ola Doberdob<\/a><\/span><\/strong><\/li>\n<li><span style=\"text-decoration: underline\"><strong><a href=\"http:\/\/osmutaa.splet.arnes.si\/files\/2016\/12\/Osnovna-\u0161ola-Fokovci.pdf\" target=\"_blank\">Osnovna \u0161ola Fokovci<\/a><\/strong><\/span><\/li>\n<li><strong><span style=\"text-decoration: underline\"><a href=\"http:\/\/osmutaa.splet.arnes.si\/files\/2016\/12\/Osnovna-\u0161ola-Ljudski-vrt-Ptuj.pdf\" target=\"_blank\">Osnovna \u0161ola Ljudski vrt Ptuj<\/a><\/span><\/strong><\/li>\n<li><span style=\"text-decoration: underline\"><strong><a href=\"http:\/\/osmutaa.splet.arnes.si\/files\/2016\/12\/Osnovna-\u0161ola-Simona-Jenka-Smlednik.pdf\" target=\"_blank\">Osnovna \u0161ola Simona Jenka Smlednik<\/a><\/strong><\/span><\/li>\n<li><strong><span style=\"text-decoration: underline\"><a href=\"http:\/\/osmutaa.splet.arnes.si\/files\/2016\/12\/Osnovna-\u0161ola-bratov-Letonja-\u0160martno-ob-Paki.pdf\" target=\"_blank\">Osnovna \u0161ola bratov Letonja \u0160martno ob Paki<\/a><\/span><\/strong><\/li>\n<li><span style=\"text-decoration: underline\"><strong><a href=\"http:\/\/osmutaa.splet.arnes.si\/files\/2016\/12\/Osnovna-\u0161ola-Alojza-Gradnika-na-Repentabru.pdf\">Osnovna \u0161ola Alojza Gradnika na Repentabru<\/a><\/strong><\/span><\/li>\n<\/ul>\n","protected":false},"excerpt":{"rendered":"<p>Dr\u017eavni tehni\u010dni trgovski zavod s slovenskim u\u010dnim jezikom Ivana Cankarja iz Gorice Ve\u010dstopenjska \u0161ola Doberdob Osnovna \u0161ola Fokovci Osnovna \u0161ola Ljudski vrt Ptuj Osnovna \u0161ola Simona Jenka Smlednik Osnovna \u0161ola bratov Letonja \u0160martno ob Paki Osnovna \u0161ola Alojza Gradnika na Repentabru<\/p>\n","protected":false},"author":5469,"featured_media":0,"parent":892,"menu_order":0,"comment_status":"closed","ping_status":"closed","template":"","meta":{"_et_pb_use_builder":"","_et_pb_old_content":"","_et_gb_content_width":"","ngg_post_thumbnail":0,"footnotes":""},"class_list":["post-1605","page","type-page","status-publish","hentry"],"_links":{"self":[{"href":"https:\/\/www.osmuta.si\/index.php?rest_route=\/wp\/v2\/pages\/1605","targetHints":{"allow":["GET"]}}],"collection":[{"href":"https:\/\/www.osmuta.si\/index.php?rest_route=\/wp\/v2\/pages"}],"about":[{"href":"https:\/\/www.osmuta.si\/index.php?rest_route=\/wp\/v2\/types\/page"}],"author":[{"embeddable":true,"href":"https:\/\/www.osmuta.si\/index.php?rest_route=\/wp\/v2\/users\/5469"}],"replies":[{"embeddable":true,"href":"https:\/\/www.osmuta.si\/index.php?rest_route=%2Fwp%2Fv2%2Fcomments&post=1605"}],"version-history":[{"count":11,"href":"https:\/\/www.osmuta.si\/index.php?rest_route=\/wp\/v2\/pages\/1605\/revisions"}],"predecessor-version":[{"id":1624,"href":"https:\/\/www.osmuta.si\/index.php?rest_route=\/wp\/v2\/pages\/1605\/revisions\/1624"}],"up":[{"embeddable":true,"href":"https:\/\/www.osmuta.si\/index.php?rest_route=\/wp\/v2\/pages\/892"}],"wp:attachment":[{"href":"https:\/\/www.osmuta.si\/index.php?rest_route=%2Fwp%2Fv2%2Fmedia&parent=1605"}],"curies":[{"name":"wp","href":"https:\/\/api.w.org\/{rel}","templated":true}]}}