{"id":169,"date":"2015-08-06T16:28:35","date_gmt":"2015-08-06T14:28:35","guid":{"rendered":"http:\/\/osmutaa.splet.arnes.si\/?page_id=169"},"modified":"2022-09-05T07:50:30","modified_gmt":"2022-09-05T05:50:30","slug":"shema-solskega-sadja","status":"publish","type":"page","link":"https:\/\/www.osmuta.si\/?page_id=169","title":{"rendered":"\u0160olska shema"},"content":{"rendered":"<p style=\"text-align: center\"><span style=\"color: #ff0000\"><strong>\u0160OLSKA SHEMA<br \/>\n<\/strong><\/span><\/p>\n<p style=\"text-align: center\"><span style=\"color: #000000\"><em><strong>Na\u0161a osnovna \u0161ola sodeluje v evropskem<br \/>\n\u00bbsistemu razdeljevanja sadja v \u0161olah\u00ab<br \/>\ns finan\u010dno podporo Evropske unije.<\/strong><\/em><\/span><\/p>\n<table class=\" alignright\">\n<tbody>\n<tr>\n<td style=\"text-align: center\"><a href=\"http:\/\/osmutaa.splet.arnes.si\/files\/2015\/08\/EU_zastava_shema.jpg\"><img loading=\"lazy\" decoding=\"async\" class=\"alignnone size-full wp-image-218\" src=\"http:\/\/osmutaa.splet.arnes.si\/files\/2015\/08\/EU_zastava_shema.jpg\" alt=\"EU_zastava_shema\" width=\"107\" height=\"71\" srcset=\"https:\/\/www.osmuta.si\/files\/2015\/08\/EU_zastava_shema.jpg 107w, https:\/\/www.osmuta.si\/files\/2015\/08\/EU_zastava_shema-83x55.jpg 83w, https:\/\/www.osmuta.si\/files\/2015\/08\/EU_zastava_shema-100x65.jpg 100w\" sizes=\"(max-width: 107px) 100vw, 107px\" \/><\/a><\/td>\n<td><a href=\"http:\/\/osmutaa.splet.arnes.si\/files\/2015\/08\/shema_solskega_sadja_shema.jpg\"><img loading=\"lazy\" decoding=\"async\" class=\"alignnone size-full wp-image-224\" src=\"http:\/\/osmutaa.splet.arnes.si\/files\/2015\/08\/shema_solskega_sadja_shema.jpg\" alt=\"shema_solskega_sadja_shema\" width=\"107\" height=\"64\" srcset=\"https:\/\/www.osmuta.si\/files\/2015\/08\/shema_solskega_sadja_shema.jpg 107w, https:\/\/www.osmuta.si\/files\/2015\/08\/shema_solskega_sadja_shema-92x55.jpg 92w\" sizes=\"(max-width: 107px) 100vw, 107px\" \/><\/a><\/td>\n<td><a href=\"http:\/\/osmutaa.splet.arnes.si\/files\/2015\/08\/logotip_shema.jpg\"><img loading=\"lazy\" decoding=\"async\" class=\"alignnone size-full wp-image-219\" src=\"http:\/\/osmutaa.splet.arnes.si\/files\/2015\/08\/logotip_shema.jpg\" alt=\"logotip_shema\" width=\"107\" height=\"76\" srcset=\"https:\/\/www.osmuta.si\/files\/2015\/08\/logotip_shema.jpg 107w, https:\/\/www.osmuta.si\/files\/2015\/08\/logotip_shema-77x55.jpg 77w\" sizes=\"(max-width: 107px) 100vw, 107px\" \/><\/a><\/td>\n<\/tr>\n<\/tbody>\n<\/table>\n<p><span style=\"color: #000000\">\u0160olska shema&nbsp; je ukrep skupne kmetijske politike EU v sektorju sadja in zelenjave ter mleka in mle\u010dnih izdelkov. Namen tega ukrepa je ustaviti trend zmanj\u0161evanja porabe sadja in zelenjave ter mleka in mle\u010dnih izdelkov in hkrati omejiti nara\u0161\u010danje pojava prekomerne telesne te\u017ee in debelosti pri otrocih. Slednja namre\u010d pove\u010duje tveganje za nastanek \u0161tevilnih bolezni sodobnega \u010dasa (sladkorna bolezen tipa 2, sr\u010dno-\u017eilne bolezni, rak, osteoporoza, itd).<\/span><\/p>\n<p><span style=\"color: #000000\">Evropska komisija je po obse\u017eni \u0161tudiji ugotovila, da je \u0160SH eden od ukrepov, ki bi lahko dolgoro\u010dno pripomogel k izbolj\u0161anju trenutnega stanja. V ta namen je Evropska unija Dr\u017eavam \u010dlanicam namenila dolo\u010deno finan\u010dno pomo\u010d za brezpla\u010dno razdeljevanje sadja in zelenjave ter mleka in mle\u010dnih izdelkov u\u010dencem, pri \u010demer je dala velik poudarek pomembnosti vklju\u010devanja spremljajo\u010dih izobra\u017eevalnih in promocijskih aktivnosti.<\/span><\/p>\n<p><span style=\"color: #000000\">Na voljo je spletna stran o Shemi \u0161olskega sadja: <a style=\"color: #000000\" href=\"http:\/\/www.shemasolskegasadja.si\/\">http:\/\/www.shemasolskegasadja.si<\/a> , ki je namenjena obve\u0161\u010danju javnosti, uporabna je za \u0161ole, otroke, star\u0161e ter dobavitelje sadja in zelenjave.<\/span><\/p>\n<p><span style=\"color: #000000\">Na na\u0161i \u0161oli bomo u\u010dencem ponudili raznoliko sadje, zelenjavo in mleko, ter nekatere mle\u010dne izdelke, katero bomo&nbsp;u\u017eivali sve\u017eo, izven terminov rednih \u0161olskih obrokov.<\/span><\/p>\n<p><span style=\"color: #000000\">Sve\u017eo sadje in zelenjavo&nbsp;delimo vsako <strong>sredo,<\/strong> mleko in nekatere mle\u010dne izdelke pa v <\/span><strong><span style=\"color: #000000\">ponedeljek.<\/span> <\/strong><\/p>\n<p>&nbsp;<\/p>\n","protected":false},"excerpt":{"rendered":"<p>\u0160OLSKA SHEMA Na\u0161a osnovna \u0161ola sodeluje v evropskem \u00bbsistemu razdeljevanja sadja v \u0161olah\u00ab s finan\u010dno podporo Evropske unije. \u0160olska shema&nbsp; je ukrep skupne kmetijske politike EU v sektorju sadja in zelenjave ter mleka in mle\u010dnih izdelkov. Namen tega ukrepa je ustaviti trend zmanj\u0161evanja porabe sadja in zelenjave ter mleka in mle\u010dnih izdelkov in hkrati omejiti [&hellip;]<\/p>\n","protected":false},"author":5469,"featured_media":0,"parent":279,"menu_order":0,"comment_status":"closed","ping_status":"closed","template":"","meta":{"_et_pb_use_builder":"","_et_pb_old_content":"","_et_gb_content_width":"","ngg_post_thumbnail":0,"footnotes":""},"class_list":["post-169","page","type-page","status-publish","hentry"],"_links":{"self":[{"href":"https:\/\/www.osmuta.si\/index.php?rest_route=\/wp\/v2\/pages\/169","targetHints":{"allow":["GET"]}}],"collection":[{"href":"https:\/\/www.osmuta.si\/index.php?rest_route=\/wp\/v2\/pages"}],"about":[{"href":"https:\/\/www.osmuta.si\/index.php?rest_route=\/wp\/v2\/types\/page"}],"author":[{"embeddable":true,"href":"https:\/\/www.osmuta.si\/index.php?rest_route=\/wp\/v2\/users\/5469"}],"replies":[{"embeddable":true,"href":"https:\/\/www.osmuta.si\/index.php?rest_route=%2Fwp%2Fv2%2Fcomments&post=169"}],"version-history":[{"count":28,"href":"https:\/\/www.osmuta.si\/index.php?rest_route=\/wp\/v2\/pages\/169\/revisions"}],"predecessor-version":[{"id":13320,"href":"https:\/\/www.osmuta.si\/index.php?rest_route=\/wp\/v2\/pages\/169\/revisions\/13320"}],"up":[{"embeddable":true,"href":"https:\/\/www.osmuta.si\/index.php?rest_route=\/wp\/v2\/pages\/279"}],"wp:attachment":[{"href":"https:\/\/www.osmuta.si\/index.php?rest_route=%2Fwp%2Fv2%2Fmedia&parent=169"}],"curies":[{"name":"wp","href":"https:\/\/api.w.org\/{rel}","templated":true}]}}