{"id":1859,"date":"2017-03-10T19:08:58","date_gmt":"2017-03-10T18:08:58","guid":{"rendered":"http:\/\/osmutaa.splet.arnes.si\/?page_id=1859"},"modified":"2026-04-15T10:38:41","modified_gmt":"2026-04-15T08:38:41","slug":"oddaja-sola-da-se-ti-zrola","status":"publish","type":"page","link":"https:\/\/www.osmuta.si\/?page_id=1859","title":{"rendered":"Oddaja \u0161ola, da se ti zrola"},"content":{"rendered":"&nbsp;\r\n\r\n&nbsp;\r\n\r\n&nbsp;\r\n<ul>\r\n \t<li><span style=\"color: #0000ff\"><span style=\"text-decoration: underline\"><a style=\"color: #0000ff\" href=\"https:\/\/osmuta.si\/?page_id=1269\" rel=\"noopener noreferrer\">Oddaje \u0161ola, da se ti zrola (I. sezona)<\/a><\/span><\/span><\/li>\r\n \t<li><span style=\"color: #0000ff\"><span style=\"text-decoration: underline\"><a style=\"color: #0000ff\" href=\"https:\/\/osmuta.si\/?page_id=1272\" rel=\"noopener noreferrer\">Oddaje \u0161ola, da se ti zrola (II. sezona)<\/a><\/span><\/span><\/li>\r\n \t<li><span style=\"color: #0000ff\"><span style=\"text-decoration: underline\"><a style=\"color: #0000ff\" href=\"https:\/\/osmuta.si\/?page_id=1275\" rel=\"noopener noreferrer\">Oddaje \u0161ola, da se ti zrola (III. sezona)<\/a><\/span><\/span><\/li>\r\n \t<li><span style=\"color: #0000ff\"><span style=\"text-decoration: underline\"><a style=\"color: #0000ff\" href=\"https:\/\/osmuta.si\/?page_id=1480\" rel=\"noopener noreferrer\">Oddaje \u0161ola, da se ti zrola (IV. sezona)<\/a><\/span><\/span><\/li>\r\n \t<li><span style=\"color: #0000ff\"><span style=\"text-decoration: underline\"><a style=\"color: #0000ff\" href=\"https:\/\/osmuta.si\/?page_id=3955\" rel=\"noopener noreferrer\">Oddaje \u0161ola, da se ti zrola (V. sezona)<\/a><\/span><\/span><\/li>\r\n \t<li><span style=\"color: #0000ff\"><span style=\"text-decoration: underline\"><a style=\"color: #0000ff\" href=\"https:\/\/osmuta.si\/?page_id=5149\" rel=\"noopener noreferrer\">Oddaje \u0161ola, da se ti zrola (VI. sezona)<\/a><\/span><\/span><u><\/u><\/li>\r\n<\/ul>\r\n\r\n\r\n&nbsp;\r\n\r\n","protected":false},"excerpt":{"rendered":"<p>&nbsp; &nbsp; &nbsp; Oddaje \u0161ola, da se ti zrola (I. sezona) Oddaje \u0161ola, da se ti zrola (II. sezona) Oddaje \u0161ola, da se ti zrola (III. sezona) Oddaje \u0161ola, da se ti zrola (IV. sezona) Oddaje \u0161ola, da se ti zrola (V. sezona) Oddaje \u0161ola, da se ti zrola (VI. sezona) &nbsp;<\/p>\n","protected":false},"author":6017,"featured_media":0,"parent":279,"menu_order":0,"comment_status":"closed","ping_status":"closed","template":"","meta":{"_et_pb_use_builder":"","_et_pb_old_content":"","_et_gb_content_width":"","ngg_post_thumbnail":0,"footnotes":""},"class_list":["post-1859","page","type-page","status-publish","hentry"],"_links":{"self":[{"href":"https:\/\/www.osmuta.si\/index.php?rest_route=\/wp\/v2\/pages\/1859","targetHints":{"allow":["GET"]}}],"collection":[{"href":"https:\/\/www.osmuta.si\/index.php?rest_route=\/wp\/v2\/pages"}],"about":[{"href":"https:\/\/www.osmuta.si\/index.php?rest_route=\/wp\/v2\/types\/page"}],"author":[{"embeddable":true,"href":"https:\/\/www.osmuta.si\/index.php?rest_route=\/wp\/v2\/users\/6017"}],"replies":[{"embeddable":true,"href":"https:\/\/www.osmuta.si\/index.php?rest_route=%2Fwp%2Fv2%2Fcomments&post=1859"}],"version-history":[{"count":6,"href":"https:\/\/www.osmuta.si\/index.php?rest_route=\/wp\/v2\/pages\/1859\/revisions"}],"predecessor-version":[{"id":20664,"href":"https:\/\/www.osmuta.si\/index.php?rest_route=\/wp\/v2\/pages\/1859\/revisions\/20664"}],"up":[{"embeddable":true,"href":"https:\/\/www.osmuta.si\/index.php?rest_route=\/wp\/v2\/pages\/279"}],"wp:attachment":[{"href":"https:\/\/www.osmuta.si\/index.php?rest_route=%2Fwp%2Fv2%2Fmedia&parent=1859"}],"curies":[{"name":"wp","href":"https:\/\/api.w.org\/{rel}","templated":true}]}}