{"id":18658,"date":"2025-04-17T12:25:14","date_gmt":"2025-04-17T10:25:14","guid":{"rendered":"https:\/\/osmutaa.splet.arnes.si\/?page_id=18658"},"modified":"2025-10-06T18:46:42","modified_gmt":"2025-10-06T16:46:42","slug":"medpredmetne-povezave","status":"publish","type":"page","link":"https:\/\/www.osmuta.si\/?page_id=18658","title":{"rendered":"Medpredmetne povezave"},"content":{"rendered":"<div>\n<h1 class=\"\" dir=\"auto\"><strong>Dobrodo\u0161li v svet medpredmetnih povezav!<\/strong><\/h1>\n<p class=\"break-words\" dir=\"auto\">Na na\u0161i \u0161oli verjamemo, da u\u010denje o\u017eivi, ko znanja pove\u017eemo! Na tej strani vas vabimo, da razi\u0161\u010dete ustvarjalne medpredmetne pristope, ki zdru\u017eujejo predmete, kot so zgodovina, glasba, sloven\u0161\u010dina, fizika in \u0161e ve\u010d, z mo\u010djo digitalnih tehnologij. Odkrijte zlo\u017eenke in u\u010dne scenarije, ki navdihujejo u\u010dence k razmi\u0161ljanju, sodelovanju in odkrivanju sveta na nov, povezan na\u010din. Pridru\u017eite se nam na poti do inovativnega pouka, polnega idej in prilo\u017enosti za vse!<\/p>\n<h1><strong>Welcome to the world of interdisciplinary connections!<\/strong><\/h1>\n<p>At our school, we believe that learning comes alive when we connect knowledge! On this page, we invite you to explore creative interdisciplinary approaches that combine subjects such as history, music, Slovenian language, physics, and more with the power of digital technologies. Discover handouts and lesson plans that inspire students to think, collaborate, and discover the world in new, connected ways. Join us on the journey to innovative teaching, full of ideas and opportunities for everyone!<\/p>\n<p dir=\"auto\"><strong>Z gibanjem in umetnostjo do digitalne prihodnosti<\/strong><\/p>\n<p dir=\"auto\"><a href=\"https:\/\/www.osmuta.si\/files\/2025\/04\/Zlozenka-LUM-SPO.pdf\">Zlo\u017eenka LUM \u0160PO<\/a><\/p>\n<p dir=\"auto\"><a href=\"https:\/\/www.osmuta.si\/files\/2025\/04\/Ucni-scenarij-LUM_SPO.pdf\">U\u010dni scenarij LUM_\u0160PO<\/a><\/p>\n<p dir=\"auto\"><a href=\"https:\/\/osnovnamuta-my.sharepoint.com\/:v:\/g\/personal\/tpajk_osmuta_si\/EYb6htHSC9RPqTuFl3ZRxvIBipNNhb--LETUqtyp9pw9xQ?e=oshjXP\">Videoposnetek \u0160port in konceptualna umetnost (instalacije)<\/a><\/p>\n<p dir=\"auto\"><strong>Afrika v globalnem svetu<\/strong><\/p>\n<p dir=\"auto\"><a href=\"https:\/\/www.osmuta.si\/files\/2025\/04\/Zlozenka-GEO-DKE.pdf\">Zlo\u017eenka GEO DKE<\/a><\/p>\n<p dir=\"auto\"><a href=\"https:\/\/www.osmuta.si\/files\/2025\/04\/Ucni-scenarij-GEO_DKE.pdf\">U\u010dni scenarij GEO_DKE<\/a><\/p>\n<\/div>\n<p dir=\"auto\"><strong>Barve v glasbi in umetnosti<\/strong><\/p>\n<p dir=\"auto\"><a href=\"https:\/\/www.osmuta.si\/files\/2025\/04\/Zlozenka-LUM-GUM.pdf\">Zlo\u017eenka LUM GUM<\/a><\/p>\n<p><a href=\"https:\/\/drive.google.com\/file\/d\/1RBDuIVohNO60GJg3Xh5VsLArmvWI3Qc2\/view?usp=drivesdk\">Videoposnetek Likovna umetnost in glasbena umetnost<\/a><\/p>\n<p dir=\"auto\"><strong>Anti\u010dni svet v akciji<\/strong><\/p>\n<p dir=\"auto\"><a href=\"https:\/\/www.osmuta.si\/files\/2025\/04\/Zlozenka-ZGO-LUM-GUM.pdf\">Zlo\u017eenka ZGO LUM GUM<\/a><\/p>\n<p dir=\"auto\"><a href=\"https:\/\/www.osmuta.si\/files\/2025\/04\/Ucni-scenarij-ZGO_GUM_LUM.pdf\">U\u010dni scenarij ZGO_GUM_LUM<\/a><\/p>\n<p><a href=\"https:\/\/drive.google.com\/file\/d\/1m1G5tOVbXE2StCQ988TAoe-XqBEG_uIW\/view?usp=drivesdk\">Videoposnetek Anti\u010dni svet v akciji<\/a><\/p>\n<p dir=\"auto\"><strong>Vesoljska odisejada<\/strong><\/p>\n<p dir=\"auto\"><a href=\"https:\/\/www.osmuta.si\/files\/2025\/04\/Zlozenka-TJA-FIZ.pdf\">Zlo\u017eenka TJA FIZ<\/a><\/p>\n<p dir=\"auto\"><a href=\"https:\/\/www.osmuta.si\/files\/2025\/04\/Ucni-scenarij-TJA_FIZ.pdf\">U\u010dni scenarij TJA_FIZ<\/a><\/p>\n<p dir=\"auto\"><strong>Potol\u010deni kramoh odpira srca<\/strong><\/p>\n<p dir=\"auto\"><a href=\"https:\/\/www.osmuta.si\/files\/2025\/04\/Zlozenka-SLJ-DKE.pdf\">Zlo\u017eenka SLJ DKE<\/a><\/p>\n<p dir=\"auto\"><a href=\"https:\/\/www.osmuta.si\/files\/2025\/04\/Ucni-scenarij-SLJ_DKE.pdf\">U\u010dni scenarij SLJ_DKE<\/a><\/p>\n","protected":false},"excerpt":{"rendered":"<p>Dobrodo\u0161li v svet medpredmetnih povezav! Na na\u0161i \u0161oli verjamemo, da u\u010denje o\u017eivi, ko znanja pove\u017eemo! Na tej strani vas vabimo, da razi\u0161\u010dete ustvarjalne medpredmetne pristope, ki zdru\u017eujejo predmete, kot so zgodovina, glasba, sloven\u0161\u010dina, fizika in \u0161e ve\u010d, z mo\u010djo digitalnih tehnologij. Odkrijte zlo\u017eenke in u\u010dne scenarije, ki navdihujejo u\u010dence k razmi\u0161ljanju, sodelovanju in odkrivanju sveta [&hellip;]<\/p>\n","protected":false},"author":5469,"featured_media":0,"parent":4329,"menu_order":0,"comment_status":"closed","ping_status":"closed","template":"","meta":{"_et_pb_use_builder":"","_et_pb_old_content":"","_et_gb_content_width":"","ngg_post_thumbnail":0,"footnotes":""},"class_list":["post-18658","page","type-page","status-publish","hentry"],"_links":{"self":[{"href":"https:\/\/www.osmuta.si\/index.php?rest_route=\/wp\/v2\/pages\/18658","targetHints":{"allow":["GET"]}}],"collection":[{"href":"https:\/\/www.osmuta.si\/index.php?rest_route=\/wp\/v2\/pages"}],"about":[{"href":"https:\/\/www.osmuta.si\/index.php?rest_route=\/wp\/v2\/types\/page"}],"author":[{"embeddable":true,"href":"https:\/\/www.osmuta.si\/index.php?rest_route=\/wp\/v2\/users\/5469"}],"replies":[{"embeddable":true,"href":"https:\/\/www.osmuta.si\/index.php?rest_route=%2Fwp%2Fv2%2Fcomments&post=18658"}],"version-history":[{"count":12,"href":"https:\/\/www.osmuta.si\/index.php?rest_route=\/wp\/v2\/pages\/18658\/revisions"}],"predecessor-version":[{"id":19550,"href":"https:\/\/www.osmuta.si\/index.php?rest_route=\/wp\/v2\/pages\/18658\/revisions\/19550"}],"up":[{"embeddable":true,"href":"https:\/\/www.osmuta.si\/index.php?rest_route=\/wp\/v2\/pages\/4329"}],"wp:attachment":[{"href":"https:\/\/www.osmuta.si\/index.php?rest_route=%2Fwp%2Fv2%2Fmedia&parent=18658"}],"curies":[{"name":"wp","href":"https:\/\/api.w.org\/{rel}","templated":true}]}}