{"id":279,"date":"2015-08-10T17:31:33","date_gmt":"2015-08-10T15:31:33","guid":{"rendered":"http:\/\/osmutaa.splet.arnes.si\/?page_id=279"},"modified":"2026-04-15T10:21:20","modified_gmt":"2026-04-15T08:21:20","slug":"projekti","status":"publish","type":"page","link":"https:\/\/www.osmuta.si\/?page_id=279","title":{"rendered":"PROJEKTI"},"content":{"rendered":"&nbsp;\r\n\r\n&nbsp;\r\n<ul>\r\n \t<li><span style=\"color: #0000ff\"><span style=\"text-decoration: underline\"><a style=\"color: #0000ff\" href=\"https:\/\/osmuta.si\/?page_id=166\" rel=\"noopener noreferrer\">O projektih<\/a><\/span><\/span><\/li>\r\n \t<li><span style=\"color: #0000ff\"><span style=\"text-decoration: underline\"><a style=\"color: #0000ff\" href=\"https:\/\/osmuta.si\/?page_id=14979\" rel=\"noopener noreferrer\">IR optika 2 in posodobitev omre\u017eij LAN na VIZ<\/a><\/span><\/span><\/li>\r\n \t<li><span style=\"color: #0000ff\"><span style=\"text-decoration: underline\"><a style=\"color: #0000ff\" href=\"https:\/\/osmuta.si\/?page_id=3179\" rel=\"noopener noreferrer\">Program nadaljnje vzpostavitve IKT infrastrukture v vzgoji in izobra\u017eevanju<\/a><\/span><\/span><\/li>\r\n \t<li style=\"text-align: left\"><a href=\"https:\/\/osmuta.si\/?page_id=4329\" rel=\"noopener noreferrer\"><span style=\"color: #0000ff\"><span style=\"text-decoration: underline\">Inovativna pedagogika 5.0<\/span><\/span><\/a><\/li>\r\n \t<li style=\"text-align: left\"><span style=\"color: #0000ff\"><a style=\"color: #0000ff\" href=\"https:\/\/osmuta.si\/?page_id=892\" rel=\"noopener noreferrer\"><span style=\"text-decoration: underline\">VSAKA VAS IMA SVOJ GLAS<\/span><\/a><\/span><\/li>\r\n \t<li><a href=\"https:\/\/osmuta.si\/?page_id=169\"><span style=\"color: #0000ff\"><u>\u0160olska shema<\/u><\/span><\/a><\/li>\r\n \t<li><a href=\"https:\/\/osmuta.si\/?page_id=179\"><span style=\"color: #0000ff\"><u>Projekt zdrava \u0161ola<\/u><\/span><\/a><\/li>\r\n \t<li><a href=\"https:\/\/osmuta.si\/?page_id=183\"><span style=\"color: #0000ff\"><u>Okolju prijazna \u0161ola<\/u><\/span><\/a><\/li>\r\n \t<li><a href=\"https:\/\/osmuta.si\/?page_id=12024\"><span style=\"color: #0000ff\"><u>U\u010dni \u010debelnjak na Muti<\/u><\/span><\/a><\/li>\r\n \t<li><a href=\"https:\/\/osmuta.si\/?page_id=1859\"><span style=\"color: #0000ff\"><u>Oddaja \u0161ola, da se ti zrola<\/u><\/span><\/a><\/li>\r\n<\/ul>\r\n\r\n\r\n&nbsp;","protected":false},"excerpt":{"rendered":"<p>&nbsp; &nbsp; O projektih IR optika 2 in posodobitev omre\u017eij LAN na VIZ Program nadaljnje vzpostavitve IKT infrastrukture v vzgoji in izobra\u017eevanju Inovativna pedagogika 5.0 VSAKA VAS IMA SVOJ GLAS \u0160olska shema Projekt zdrava \u0161ola Okolju prijazna \u0161ola U\u010dni \u010debelnjak na Muti Oddaja \u0161ola, da se ti zrola &nbsp;<\/p>\n","protected":false},"author":5469,"featured_media":0,"parent":0,"menu_order":0,"comment_status":"closed","ping_status":"closed","template":"","meta":{"_et_pb_use_builder":"","_et_pb_old_content":"","_et_gb_content_width":"","ngg_post_thumbnail":0,"footnotes":""},"class_list":["post-279","page","type-page","status-publish","hentry"],"_links":{"self":[{"href":"https:\/\/www.osmuta.si\/index.php?rest_route=\/wp\/v2\/pages\/279","targetHints":{"allow":["GET"]}}],"collection":[{"href":"https:\/\/www.osmuta.si\/index.php?rest_route=\/wp\/v2\/pages"}],"about":[{"href":"https:\/\/www.osmuta.si\/index.php?rest_route=\/wp\/v2\/types\/page"}],"author":[{"embeddable":true,"href":"https:\/\/www.osmuta.si\/index.php?rest_route=\/wp\/v2\/users\/5469"}],"replies":[{"embeddable":true,"href":"https:\/\/www.osmuta.si\/index.php?rest_route=%2Fwp%2Fv2%2Fcomments&post=279"}],"version-history":[{"count":3,"href":"https:\/\/www.osmuta.si\/index.php?rest_route=\/wp\/v2\/pages\/279\/revisions"}],"predecessor-version":[{"id":20660,"href":"https:\/\/www.osmuta.si\/index.php?rest_route=\/wp\/v2\/pages\/279\/revisions\/20660"}],"wp:attachment":[{"href":"https:\/\/www.osmuta.si\/index.php?rest_route=%2Fwp%2Fv2%2Fmedia&parent=279"}],"curies":[{"name":"wp","href":"https:\/\/api.w.org\/{rel}","templated":true}]}}