{"id":3179,"date":"2018-01-15T09:24:24","date_gmt":"2018-01-15T08:24:24","guid":{"rendered":"http:\/\/osmutaa.splet.arnes.si\/?page_id=3179"},"modified":"2018-01-31T17:55:25","modified_gmt":"2018-01-31T16:55:25","slug":"projekt-sio-2020","status":"publish","type":"page","link":"https:\/\/www.osmuta.si\/?page_id=3179","title":{"rendered":"Program nadaljnje vzpostavitve IKT infrastrukture v vzgoji in izobra\u017eevanju"},"content":{"rendered":"<div class=\"post-content\">\n<p><a href=\"http:\/\/osmutaa.splet.arnes.si\/files\/2018\/01\/logo_2020.png\"><img loading=\"lazy\" decoding=\"async\" class=\"alignnone size-full wp-image-3199\" src=\"http:\/\/osmutaa.splet.arnes.si\/files\/2018\/01\/logo_2020.png\" alt=\"\" width=\"1355\" height=\"137\" srcset=\"https:\/\/www.osmuta.si\/files\/2018\/01\/logo_2020.png 1355w, https:\/\/www.osmuta.si\/files\/2018\/01\/logo_2020-300x30.png 300w, https:\/\/www.osmuta.si\/files\/2018\/01\/logo_2020-768x78.png 768w, https:\/\/www.osmuta.si\/files\/2018\/01\/logo_2020-1024x104.png 1024w, https:\/\/www.osmuta.si\/files\/2018\/01\/logo_2020-1080x109.png 1080w\" sizes=\"(max-width: 1355px) 100vw, 1355px\" \/><\/a><\/p>\n<div class=\"et_pb_text et_pb_module et_pb_bg_layout_light et_pb_text_align_left et_pb_text_3\">\n<div class=\"et_pb_text et_pb_module et_pb_bg_layout_light et_pb_text_align_left et_pb_text_3\">\n<p style=\"text-align: center\"><span style=\"color: #000000\">Program nadaljnje vzpostavitve IKT infrastrukture v vzgoji in izobra\u017eevanju<\/span><\/p>\n<p class=\"m_6663610792445959184m_-6181415987624604908section-text\"><span style=\"color: #000000\">Cilj operacije je izbolj\u0161anje kompetenc in dose\u017ekov mladih ter ve\u010dja usposobljenost izobra\u017eevalcev prek ve\u010dje uporabe sodobne IKT pri pou\u010devanju in u\u010denju. Vzgojno-izobra\u017eevalnim zavodom se sofinancira izgradnja brez\u017ei\u010dnih omre\u017eij in nakup IKT opreme, razvija se e-storitve in e-vsebine.<\/span><\/p>\n<p class=\"m_6663610792445959184m_-6181415987624604908section-text\"><span style=\"color: #000000\">Nalo\u017ebo sofinancirata Republika Slovenija in Evropska unija iz Evropskega sklada za regionalni razvoj.<\/span><\/p>\n<p class=\"m_6663610792445959184m_-6181415987624604908section-text\"><span style=\"color: #0000ff\"><a style=\"color: #0000ff\" href=\"http:\/\/www.eu-skladi.si\"><u>Evropska kohezijska politika v Sloveniji<\/u><\/a><\/span><\/p>\n<p class=\"m_6663610792445959184m_-6181415987624604908section-text\"><span style=\"color: #000000\">Ve\u010d o programu\u00a0je objavljeno na<\/span> <span style=\"color: #0000ff\"><a style=\"color: #0000ff\" href=\"https:\/\/www.arnes.si\/sio-2020\/\"><u>spletni strani Arnesa.<\/u><\/a><\/span><\/p>\n<\/div>\n<\/div>\n<\/div>\n","protected":false},"excerpt":{"rendered":"<p>Program nadaljnje vzpostavitve IKT infrastrukture v vzgoji in izobra\u017eevanju Cilj operacije je izbolj\u0161anje kompetenc in dose\u017ekov mladih ter ve\u010dja usposobljenost izobra\u017eevalcev prek ve\u010dje uporabe sodobne IKT pri pou\u010devanju in u\u010denju. Vzgojno-izobra\u017eevalnim zavodom se sofinancira izgradnja brez\u017ei\u010dnih omre\u017eij in nakup IKT opreme, razvija se e-storitve in e-vsebine. Nalo\u017ebo sofinancirata Republika Slovenija in Evropska unija iz Evropskega [&hellip;]<\/p>\n","protected":false},"author":5469,"featured_media":0,"parent":279,"menu_order":0,"comment_status":"closed","ping_status":"closed","template":"","meta":{"_et_pb_use_builder":"","_et_pb_old_content":"","_et_gb_content_width":"","ngg_post_thumbnail":0,"footnotes":""},"class_list":["post-3179","page","type-page","status-publish","hentry"],"_links":{"self":[{"href":"https:\/\/www.osmuta.si\/index.php?rest_route=\/wp\/v2\/pages\/3179","targetHints":{"allow":["GET"]}}],"collection":[{"href":"https:\/\/www.osmuta.si\/index.php?rest_route=\/wp\/v2\/pages"}],"about":[{"href":"https:\/\/www.osmuta.si\/index.php?rest_route=\/wp\/v2\/types\/page"}],"author":[{"embeddable":true,"href":"https:\/\/www.osmuta.si\/index.php?rest_route=\/wp\/v2\/users\/5469"}],"replies":[{"embeddable":true,"href":"https:\/\/www.osmuta.si\/index.php?rest_route=%2Fwp%2Fv2%2Fcomments&post=3179"}],"version-history":[{"count":3,"href":"https:\/\/www.osmuta.si\/index.php?rest_route=\/wp\/v2\/pages\/3179\/revisions"}],"predecessor-version":[{"id":3207,"href":"https:\/\/www.osmuta.si\/index.php?rest_route=\/wp\/v2\/pages\/3179\/revisions\/3207"}],"up":[{"embeddable":true,"href":"https:\/\/www.osmuta.si\/index.php?rest_route=\/wp\/v2\/pages\/279"}],"wp:attachment":[{"href":"https:\/\/www.osmuta.si\/index.php?rest_route=%2Fwp%2Fv2%2Fmedia&parent=3179"}],"curies":[{"name":"wp","href":"https:\/\/api.w.org\/{rel}","templated":true}]}}