{"id":32,"date":"2015-08-06T14:54:47","date_gmt":"2015-08-06T12:54:47","guid":{"rendered":"http:\/\/osmutaa.splet.arnes.si\/?page_id=32"},"modified":"2025-11-25T13:29:40","modified_gmt":"2025-11-25T12:29:40","slug":"o-nas","status":"publish","type":"page","link":"https:\/\/www.osmuta.si\/?page_id=32","title":{"rendered":"O nas"},"content":{"rendered":"<div class=\"art-postcontent clearfix\">\n<div class=\"art-article\">\n<p><span style=\"color: #000000\"><strong>IME IN SEDE\u017d \u0160OLE<\/strong>:<\/span><\/p>\n<p><strong><span style=\"color: #000000\">OSNOVNA \u0160OLA MUTA<\/span><\/strong><br \/>\n<span style=\"color: #000000\"> \u0160olska ulica 6, 2366 Muta<\/span><\/p>\n<table style=\"height: 103px;width: 57.0524%;border-style: none\" width=\"57.0524%\">\n<tbody>\n<tr style=\"height: 47px\">\n<td style=\"width: 31.2785%;height: 47px\"><span style=\"color: #000000\"><strong>TELEFON:<\/strong><\/span><\/td>\n<td style=\"width: 73.8032%;height: 47px\"><span style=\"color: #000000\">02 887 95 20, 887 95 21 &#8211; tajni\u0161tvo<\/span><\/td>\n<\/tr>\n<tr style=\"height: 23px\">\n<td style=\"width: 31.2785%;height: 23px\">&nbsp;<\/td>\n<td style=\"width: 73.8032%;height: 23px\"><span style=\"color: #000000\">02 887 95 22 &#8211; zbornica<\/span><\/td>\n<\/tr>\n<tr style=\"height: 23px\">\n<td style=\"width: 31.2785%;height: 23px\">&nbsp;<\/td>\n<td style=\"width: 73.8032%;height: 23px\"><span style=\"color: #000000\">02 887 95 29 &#8211; zbornica I. triada<\/span><\/td>\n<\/tr>\n<tr style=\"height: 23px\">\n<td style=\"width: 31.2785%;height: 10px\">&nbsp;<\/td>\n<td style=\"width: 73.8032%;height: 10px\"><span style=\"color: #000000\">02 887 95 26 &#8211; svetovalna slu\u017eba<\/span><\/td>\n<\/tr>\n<\/tbody>\n<\/table>\n<p><span style=\"color: #000000\">E-po\u0161ta:<strong> <span id=\"cloak17357\"><a style=\"color: #000000\" href=\"mailto:group1.ossgmu@guest.arnes.si\">group1.ossgmu@guest.arnes.si<\/a><\/span><\/strong><\/span><\/p>\n<p><span style=\"color: #000000\"><strong>TRR:&nbsp;&nbsp;&nbsp;&nbsp; 01281-603-067-1478<\/strong><\/span><br \/>\n<span style=\"color: #000000\"> <strong>DAV\u010cNA \u0160TEVILKA<\/strong>: <strong>69843716<\/strong><\/span><\/p>\n<p><span style=\"color: #000000\">ENOTI:<\/span><\/p>\n<p><span style=\"color: #000000\"><strong>O\u0160 Muta, Oddelki osnovne \u0161ole s prilagojenim programom<br \/>\n<\/strong>Gasilska ulica 4, 2366 Muta<strong><br \/>\n<\/strong>Telefon: 02 887 95 42<\/span><\/p>\n<p><span style=\"color: #000000\"><strong>Vrtec Muta<br \/>\n<\/strong>Pomo\u010dnica ravnateljice v vrtcu Maja OMULEC<strong><br \/>\n<\/strong>Gortinska cesta 7, 2366 Muta<strong><br \/>\n<\/strong>Telefon: 02 887 95 40 (tajni\u0161tvo) in 031 335 155 (po 14.30)<br \/>\n02 887 95 41 (vodja vrtca)<br \/>\n02 887 95 43 (svetovalna slu\u017eba)<\/span><\/p>\n<p><span style=\"color: #000000\"><strong>Osnovna \u0161ola Muta s svojo izobra\u017eevalno dejavnostjo uresni\u010duje in zagotavlja potrebe po osnovno\u0161olskem izobra\u017eevanju, po izobra\u017eevanju otrok s posebnimi potrebami ter vzgoji in varstvu pred\u0161olskih otrok na obmo\u010dju, za katerega je ustanovljena.<br \/>\n<\/strong><strong><br \/>\n<\/strong><strong>Ustanovitelj:<\/strong><strong><br \/>\n<\/strong><strong>Ustanovitelj \u0161ole je <a style=\"color: #000000\" href=\"http:\/\/www.muta.si\/podrocje.aspx\">Ob\u010dina Muta.<\/a> Ob\u010dinski svet Ob\u010dine Muta je na svoji 21. redni seji dne 2. 10. 1996 sprejel odlok o ustanovitvi Javnega vzgojno-izobra\u017eevalnega zavoda Osnovne \u0161ole Muta, kar je bilo objavljeno v MUV 22\/96, ki je za\u010del veljati osmi dan po objavi v MUV, to je dne 17. 10. 1996.<\/strong><strong>&nbsp;<\/strong><\/span><\/p>\n<p><span style=\"color: #000000\"><strong>\u0160olski okoli\u0161:<\/strong><\/span><\/p>\n<p><span style=\"color: #000000\">Osnovna \u0161ola Muta zajema u\u010dence Ob\u010dine Muta ter obsega naslednje vasi oziroma zaselke: <em><strong>Pernice, Sv. Jernej, Sv. Primo\u017e, Gortina, Muta.<\/strong><\/em><\/span><\/p>\n<p><span style=\"color: #000000\"><strong>Opredelitev \u0161olskega prostora, dolo\u010denega z aktom o ustanovitvi, v okviru katerega \u0161ola prevzema odgovornost za u\u010dence: <\/strong><strong>\u0160ola Muta ima v centru Mute \u0161e enoto s prilagojenim programom, ki jo obiskujejo otroci iz ob\u010din Podvelka, Ribnica na Pohorju, Radlje ob Dravi, Vuzenica in Muta. Enota \u0161ole je tudi vrtec. Ob mati\u010dni \u0161oli je telovadnica in \u0161olsko igri\u0161\u010de.<\/strong><\/span><\/p>\n<\/div>\n<\/div>\n","protected":false},"excerpt":{"rendered":"<p>IME IN SEDE\u017d \u0160OLE: OSNOVNA \u0160OLA MUTA \u0160olska ulica 6, 2366 Muta TELEFON: 02 887 95 20, 887 95 21 &#8211; tajni\u0161tvo &nbsp; 02 887 95 22 &#8211; zbornica &nbsp; 02 887 95 29 &#8211; zbornica I. triada &nbsp; 02 887 95 26 &#8211; svetovalna slu\u017eba E-po\u0161ta: group1.ossgmu@guest.arnes.si TRR:&nbsp;&nbsp;&nbsp;&nbsp; 01281-603-067-1478 DAV\u010cNA \u0160TEVILKA: 69843716 ENOTI: O\u0160 [&hellip;]<\/p>\n","protected":false},"author":5469,"featured_media":0,"parent":265,"menu_order":0,"comment_status":"closed","ping_status":"closed","template":"","meta":{"_et_pb_use_builder":"","_et_pb_old_content":"","_et_gb_content_width":"","ngg_post_thumbnail":0,"footnotes":""},"class_list":["post-32","page","type-page","status-publish","hentry"],"_links":{"self":[{"href":"https:\/\/www.osmuta.si\/index.php?rest_route=\/wp\/v2\/pages\/32","targetHints":{"allow":["GET"]}}],"collection":[{"href":"https:\/\/www.osmuta.si\/index.php?rest_route=\/wp\/v2\/pages"}],"about":[{"href":"https:\/\/www.osmuta.si\/index.php?rest_route=\/wp\/v2\/types\/page"}],"author":[{"embeddable":true,"href":"https:\/\/www.osmuta.si\/index.php?rest_route=\/wp\/v2\/users\/5469"}],"replies":[{"embeddable":true,"href":"https:\/\/www.osmuta.si\/index.php?rest_route=%2Fwp%2Fv2%2Fcomments&post=32"}],"version-history":[{"count":15,"href":"https:\/\/www.osmuta.si\/index.php?rest_route=\/wp\/v2\/pages\/32\/revisions"}],"predecessor-version":[{"id":19803,"href":"https:\/\/www.osmuta.si\/index.php?rest_route=\/wp\/v2\/pages\/32\/revisions\/19803"}],"up":[{"embeddable":true,"href":"https:\/\/www.osmuta.si\/index.php?rest_route=\/wp\/v2\/pages\/265"}],"wp:attachment":[{"href":"https:\/\/www.osmuta.si\/index.php?rest_route=%2Fwp%2Fv2%2Fmedia&parent=32"}],"curies":[{"name":"wp","href":"https:\/\/api.w.org\/{rel}","templated":true}]}}