{"id":43,"date":"2015-08-06T15:08:48","date_gmt":"2015-08-06T13:08:48","guid":{"rendered":"http:\/\/osmutaa.splet.arnes.si\/?page_id=43"},"modified":"2025-12-22T11:24:49","modified_gmt":"2025-12-22T10:24:49","slug":"hisni-red","status":"publish","type":"page","link":"https:\/\/www.osmuta.si\/?page_id=43","title":{"rendered":"Hi\u0161ni red"},"content":{"rendered":"<div class=\"art-postcontent clearfix\">\n<div class=\"art-article\">\n<div class=\"art-postcontent clearfix\">\n<div class=\"art-article\">\n<div class=\"leading\">\n<p><span style=\"color: #000000\"><strong>INTERNA PRAVILA O\u0160 MUTA<\/strong><\/span><\/p>\n<p><span style=\"color: #000000\">Na \u0161oli smo sprejeli pravila, ki naj bodo ka\u017eipot tako u\u010diteljem kot u\u010dencem ter tudi star\u0161em.<\/span><\/p>\n<p><span style=\"color: #000000\">Z njimi smo hoteli poenostaviti dolo\u010dena pravila, da bi se jih la\u017eje dr\u017eali, predvsem pa z njimi opozorili na tiste osnovne vrednote, ki so bistvene za razvoj mlade osebnosti.<\/span><\/p>\n<p><span style=\"color: #000000\">Pravila smo sprejeli u\u010ditelji na u\u010diteljskem zboru in u\u010denci na sestanku \u0161olske skupnosti. S tem smo jih vsi oblikovali, se z njimi strinjali in vem, da se jih bomo vsi posku\u0161ali tudi dr\u017eati.<\/span><\/p>\n<p><span style=\"text-decoration: underline;color: #0000ff\">&#8211; <span class=\"wf_file\"><span class=\"wf_file_text\"><a style=\"color: #0000ff;text-decoration: underline\" href=\"https:\/\/www.osmuta.si\/files\/2025\/12\/pravila-solskega-reda-12.pdf\" target=\"_blank\" rel=\"noopener noreferrer\">Pravila \u0161olskega reda<\/a><\/span><\/span><\/span><\/p>\n<p><span style=\"color: #0000ff\"><a style=\"color: #0000ff\" href=\"http:\/\/osmutaa.splet.arnes.si\/files\/2015\/08\/vzgojni_nacrt.pdf\" target=\"_blank\" rel=\"noopener noreferrer\"><span style=\"text-decoration: underline\">&#8211; <span class=\"wf_file\"><span class=\"wf_file_text\">Vzgojni na\u010drt<\/span><\/span><\/span><\/a><\/span><\/p>\n<p><span style=\"text-decoration: underline;color: #0000ff\">&#8211; <span class=\"wf_file\"><span class=\"wf_file_text\"><a style=\"color: #0000ff;text-decoration: underline\" href=\"https:\/\/www.osmuta.si\/files\/2021\/11\/HI\u0160NI_RED_1415-1.pdf\" target=\"_blank\" rel=\"noopener noreferrer\">Hi\u0161ni red<\/a><\/span><\/span><\/span><\/p>\n<\/div>\n<\/div>\n<\/div>\n<\/div>\n<\/div>\n","protected":false},"excerpt":{"rendered":"<p>INTERNA PRAVILA O\u0160 MUTA Na \u0161oli smo sprejeli pravila, ki naj bodo ka\u017eipot tako u\u010diteljem kot u\u010dencem ter tudi star\u0161em. Z njimi smo hoteli poenostaviti dolo\u010dena pravila, da bi se jih la\u017eje dr\u017eali, predvsem pa z njimi opozorili na tiste osnovne vrednote, ki so bistvene za razvoj mlade osebnosti. Pravila smo sprejeli u\u010ditelji na u\u010diteljskem [&hellip;]<\/p>\n","protected":false},"author":5469,"featured_media":0,"parent":265,"menu_order":0,"comment_status":"closed","ping_status":"closed","template":"","meta":{"_et_pb_use_builder":"","_et_pb_old_content":"","_et_gb_content_width":"","ngg_post_thumbnail":0,"footnotes":""},"class_list":["post-43","page","type-page","status-publish","hentry"],"_links":{"self":[{"href":"https:\/\/www.osmuta.si\/index.php?rest_route=\/wp\/v2\/pages\/43","targetHints":{"allow":["GET"]}}],"collection":[{"href":"https:\/\/www.osmuta.si\/index.php?rest_route=\/wp\/v2\/pages"}],"about":[{"href":"https:\/\/www.osmuta.si\/index.php?rest_route=\/wp\/v2\/types\/page"}],"author":[{"embeddable":true,"href":"https:\/\/www.osmuta.si\/index.php?rest_route=\/wp\/v2\/users\/5469"}],"replies":[{"embeddable":true,"href":"https:\/\/www.osmuta.si\/index.php?rest_route=%2Fwp%2Fv2%2Fcomments&post=43"}],"version-history":[{"count":15,"href":"https:\/\/www.osmuta.si\/index.php?rest_route=\/wp\/v2\/pages\/43\/revisions"}],"predecessor-version":[{"id":20044,"href":"https:\/\/www.osmuta.si\/index.php?rest_route=\/wp\/v2\/pages\/43\/revisions\/20044"}],"up":[{"embeddable":true,"href":"https:\/\/www.osmuta.si\/index.php?rest_route=\/wp\/v2\/pages\/265"}],"wp:attachment":[{"href":"https:\/\/www.osmuta.si\/index.php?rest_route=%2Fwp%2Fv2%2Fmedia&parent=43"}],"curies":[{"name":"wp","href":"https:\/\/api.w.org\/{rel}","templated":true}]}}