{"id":4399,"date":"2018-11-08T10:35:48","date_gmt":"2018-11-08T09:35:48","guid":{"rendered":"http:\/\/osmutaa.splet.arnes.si\/?page_id=4399"},"modified":"2018-11-08T10:36:55","modified_gmt":"2018-11-08T09:36:55","slug":"navodila-za-povezavo-eduroam","status":"publish","type":"page","link":"https:\/\/www.osmuta.si\/?page_id=4399","title":{"rendered":"Navodila za povezavo (EDUROAM)"},"content":{"rendered":"<p>Vse naprave, s katerimi se na\u0161i uporabniki povezujejo v omre\u017eje eduroam, morajo biti opremljene z brez\u017ei\u010dnimi vmesniki, ki podpirajo varnostni standard\u00a0<a href=\"http:\/\/en.wikipedia.org\/wiki\/Wi-Fi_Protected_Access\">WPA<\/a>-Enterprise ali\u00a0<a href=\"http:\/\/en.wikipedia.org\/wiki\/Wi-Fi_Protected_Access\">WPA2<\/a>-Enterprise. Po kon\u010dani nastavitvi delovanje povezave najprej preizkusite na doma\u010di organizaciji.<\/p>\n<ul>\n<li>\u00a0<a href=\"https:\/\/www.arnes.si\/pomoc-uporabnikom\/eduroam\/navodila-za-povezavo\/#CAT\">Povezava s spletnim \u010darovnikom eduroam CAT<\/a><\/li>\n<li>\u00a0<a href=\"https:\/\/www.arnes.si\/pomoc-uporabnikom\/eduroam\/navodila-za-povezavo\/#rocno\">Ro\u010dna konfiguracija<\/a><\/li>\n<\/ul>\n<p><a href=\"https:\/\/www.arnes.si\/pomoc-uporabnikom\/eduroam\/navodila-za-povezavo\/\" target=\"_blank\">\u00a0 \u00a0 \u00a0 \u00a0 \u00a0Ve\u010d &gt;&gt;<\/a><\/p>\n","protected":false},"excerpt":{"rendered":"<p>Vse naprave, s katerimi se na\u0161i uporabniki povezujejo v omre\u017eje eduroam, morajo biti opremljene z brez\u017ei\u010dnimi vmesniki, ki podpirajo varnostni standard\u00a0WPA-Enterprise ali\u00a0WPA2-Enterprise. Po kon\u010dani nastavitvi delovanje povezave najprej preizkusite na doma\u010di organizaciji. \u00a0Povezava s spletnim \u010darovnikom eduroam CAT \u00a0Ro\u010dna konfiguracija \u00a0 \u00a0 \u00a0 \u00a0 \u00a0Ve\u010d &gt;&gt;<\/p>\n","protected":false},"author":15831,"featured_media":0,"parent":0,"menu_order":0,"comment_status":"closed","ping_status":"closed","template":"","meta":{"_et_pb_use_builder":"","_et_pb_old_content":"","_et_gb_content_width":"","ngg_post_thumbnail":0,"footnotes":""},"class_list":["post-4399","page","type-page","status-publish","hentry"],"_links":{"self":[{"href":"https:\/\/www.osmuta.si\/index.php?rest_route=\/wp\/v2\/pages\/4399","targetHints":{"allow":["GET"]}}],"collection":[{"href":"https:\/\/www.osmuta.si\/index.php?rest_route=\/wp\/v2\/pages"}],"about":[{"href":"https:\/\/www.osmuta.si\/index.php?rest_route=\/wp\/v2\/types\/page"}],"author":[{"embeddable":true,"href":"https:\/\/www.osmuta.si\/index.php?rest_route=\/wp\/v2\/users\/15831"}],"replies":[{"embeddable":true,"href":"https:\/\/www.osmuta.si\/index.php?rest_route=%2Fwp%2Fv2%2Fcomments&post=4399"}],"version-history":[{"count":4,"href":"https:\/\/www.osmuta.si\/index.php?rest_route=\/wp\/v2\/pages\/4399\/revisions"}],"predecessor-version":[{"id":19556,"href":"https:\/\/www.osmuta.si\/index.php?rest_route=\/wp\/v2\/pages\/4399\/revisions\/19556"}],"wp:attachment":[{"href":"https:\/\/www.osmuta.si\/index.php?rest_route=%2Fwp%2Fv2%2Fmedia&parent=4399"}],"curies":[{"name":"wp","href":"https:\/\/api.w.org\/{rel}","templated":true}]}}