{"id":63,"date":"2015-08-06T15:20:17","date_gmt":"2015-08-06T13:20:17","guid":{"rendered":"http:\/\/osmutaa.splet.arnes.si\/?page_id=63"},"modified":"2020-05-15T16:15:57","modified_gmt":"2020-05-15T14:15:57","slug":"ostali-pravilniki","status":"publish","type":"page","link":"https:\/\/www.osmuta.si\/?page_id=63","title":{"rendered":"Ostali pravilniki"},"content":{"rendered":"<ul>\n<li><span style=\"text-decoration: underline;color: #0000ff\"><a style=\"color: #0000ff;text-decoration: underline\" href=\"http:\/\/www.uradni-list.si\/1\/content?id=113609\" target=\"_blank\">P R A V I L N I K o preverjanju in ocenjevanju znanja ter napredovanju u\u010dencev v osnovni \u0161oli<\/a><\/span><\/li>\n<\/ul>\n<p>&nbsp;<\/p>\n<p><a href=\"http:\/\/www.osmuta.si\/files\/2020\/05\/Pravila_razbremenilni-ukrepi-O\u0160-Muta.pdf\" target=\"_blank\"><span style=\"color: #000000\">Pravila ravnanja v O\u0160 Muta v \u010dasu razbremenitvenih ukrepov epidemije COVID \u2013 19<\/span><\/a><\/p>\n<p>&nbsp;<\/p>\n","protected":false},"excerpt":{"rendered":"<p>P R A V I L N I K o preverjanju in ocenjevanju znanja ter napredovanju u\u010dencev v osnovni \u0161oli &nbsp; Pravila ravnanja v O\u0160 Muta v \u010dasu razbremenitvenih ukrepov epidemije COVID \u2013 19 &nbsp;<\/p>\n","protected":false},"author":5469,"featured_media":0,"parent":265,"menu_order":0,"comment_status":"closed","ping_status":"closed","template":"","meta":{"_et_pb_use_builder":"","_et_pb_old_content":"","_et_gb_content_width":"","ngg_post_thumbnail":0,"footnotes":""},"class_list":["post-63","page","type-page","status-publish","hentry"],"_links":{"self":[{"href":"https:\/\/www.osmuta.si\/index.php?rest_route=\/wp\/v2\/pages\/63","targetHints":{"allow":["GET"]}}],"collection":[{"href":"https:\/\/www.osmuta.si\/index.php?rest_route=\/wp\/v2\/pages"}],"about":[{"href":"https:\/\/www.osmuta.si\/index.php?rest_route=\/wp\/v2\/types\/page"}],"author":[{"embeddable":true,"href":"https:\/\/www.osmuta.si\/index.php?rest_route=\/wp\/v2\/users\/5469"}],"replies":[{"embeddable":true,"href":"https:\/\/www.osmuta.si\/index.php?rest_route=%2Fwp%2Fv2%2Fcomments&post=63"}],"version-history":[{"count":7,"href":"https:\/\/www.osmuta.si\/index.php?rest_route=\/wp\/v2\/pages\/63\/revisions"}],"predecessor-version":[{"id":9007,"href":"https:\/\/www.osmuta.si\/index.php?rest_route=\/wp\/v2\/pages\/63\/revisions\/9007"}],"up":[{"embeddable":true,"href":"https:\/\/www.osmuta.si\/index.php?rest_route=\/wp\/v2\/pages\/265"}],"wp:attachment":[{"href":"https:\/\/www.osmuta.si\/index.php?rest_route=%2Fwp%2Fv2%2Fmedia&parent=63"}],"curies":[{"name":"wp","href":"https:\/\/api.w.org\/{rel}","templated":true}]}}