{"id":76,"date":"2015-08-06T15:29:20","date_gmt":"2015-08-06T13:29:20","guid":{"rendered":"http:\/\/osmutaa.splet.arnes.si\/?page_id=76"},"modified":"2025-09-05T09:51:16","modified_gmt":"2025-09-05T07:51:16","slug":"popravni-izpiti","status":"publish","type":"page","link":"https:\/\/www.osmuta.si\/?page_id=76","title":{"rendered":"Popravni izpiti"},"content":{"rendered":"<p><span style=\"text-decoration: underline\"><span style=\"color: #0000ff\"><a style=\"color: #0000ff;text-decoration: underline\" href=\"http:\/\/osmutaa.splet.arnes.si\/files\/2015\/08\/PRIJAVNICA_popravni_izpit.pdf\" target=\"_blank\" rel=\"noopener noreferrer\">Prijavnica k popravnemu izpitu<\/a><\/span><\/span><\/p>\n<p><span style=\"color: #000000\">Popravni izpiti<\/span><\/p>\n<p><span style=\"color: #000000\">V skladu s 70. \u010dl. Zakona o osnovni \u0161oli ter 30. \u010dlenom Pravilnika o preverjanju in ocenjevanju znanja ter napredovanju u\u010dencev so popravni izpiti u\u010dencev po naslednjem razporedu:<\/span><\/p>\n<table width=\"926\">\n<tbody>\n<tr>\n<td width=\"124\"><span style=\"color: #000000\">Datum<\/span><\/td>\n<td width=\"255\"><span style=\"color: #000000\">Predmet\/razred<\/span><\/td>\n<td width=\"547\"><span style=\"color: #000000\">Ura in na\u010din opravljanja<\/span><\/td>\n<\/tr>\n<tr>\n<td rowspan=\"2\" width=\"124\">&nbsp;<\/td>\n<td width=\"255\">&nbsp;<\/td>\n<td width=\"547\">&nbsp;<\/td>\n<\/tr>\n<tr>\n<td width=\"255\">&nbsp;<\/td>\n<td width=\"547\">&nbsp;<\/td>\n<\/tr>\n<tr>\n<td rowspan=\"2\" width=\"124\">&nbsp;<\/td>\n<\/tr>\n<\/tbody>\n<\/table>\n<p><span style=\"color: #000000\">U\u010denci morajo najmanj tri dni pred rokom oddati pisno vlogo z navedbo predmeta in datuma izpita.<\/span><\/p>\n","protected":false},"excerpt":{"rendered":"<p>Prijavnica k popravnemu izpitu Popravni izpiti V skladu s 70. \u010dl. Zakona o osnovni \u0161oli ter 30. \u010dlenom Pravilnika o preverjanju in ocenjevanju znanja ter napredovanju u\u010dencev so popravni izpiti u\u010dencev po naslednjem razporedu: Datum Predmet\/razred Ura in na\u010din opravljanja &nbsp; &nbsp; &nbsp; &nbsp; &nbsp; &nbsp; U\u010denci morajo najmanj tri dni pred rokom oddati pisno [&hellip;]<\/p>\n","protected":false},"author":5469,"featured_media":0,"parent":269,"menu_order":0,"comment_status":"closed","ping_status":"closed","template":"","meta":{"_et_pb_use_builder":"","_et_pb_old_content":"","_et_gb_content_width":"","ngg_post_thumbnail":0,"footnotes":""},"class_list":["post-76","page","type-page","status-publish","hentry"],"_links":{"self":[{"href":"https:\/\/www.osmuta.si\/index.php?rest_route=\/wp\/v2\/pages\/76","targetHints":{"allow":["GET"]}}],"collection":[{"href":"https:\/\/www.osmuta.si\/index.php?rest_route=\/wp\/v2\/pages"}],"about":[{"href":"https:\/\/www.osmuta.si\/index.php?rest_route=\/wp\/v2\/types\/page"}],"author":[{"embeddable":true,"href":"https:\/\/www.osmuta.si\/index.php?rest_route=\/wp\/v2\/users\/5469"}],"replies":[{"embeddable":true,"href":"https:\/\/www.osmuta.si\/index.php?rest_route=%2Fwp%2Fv2%2Fcomments&post=76"}],"version-history":[{"count":15,"href":"https:\/\/www.osmuta.si\/index.php?rest_route=\/wp\/v2\/pages\/76\/revisions"}],"predecessor-version":[{"id":19350,"href":"https:\/\/www.osmuta.si\/index.php?rest_route=\/wp\/v2\/pages\/76\/revisions\/19350"}],"up":[{"embeddable":true,"href":"https:\/\/www.osmuta.si\/index.php?rest_route=\/wp\/v2\/pages\/269"}],"wp:attachment":[{"href":"https:\/\/www.osmuta.si\/index.php?rest_route=%2Fwp%2Fv2%2Fmedia&parent=76"}],"curies":[{"name":"wp","href":"https:\/\/api.w.org\/{rel}","templated":true}]}}